{"id":1758,"date":"2024-05-22T18:22:02","date_gmt":"2024-05-22T16:22:02","guid":{"rendered":"https:\/\/vanille-et-citron.fr\/?page_id=1758"},"modified":"2024-05-24T12:43:18","modified_gmt":"2024-05-24T10:43:18","slug":"notre-offre-evjf","status":"publish","type":"page","link":"https:\/\/vanille-et-citron.fr\/index.php\/notre-offre-evjf\/","title":{"rendered":"EVJF"},"content":{"rendered":"\t\t<div data-elementor-type=\"wp-page\" data-elementor-id=\"1758\" class=\"elementor elementor-1758\" data-elementor-post-type=\"page\">\n\t\t\t\t\t\t<section class=\"elementor-section elementor-top-section elementor-element elementor-element-60980f0c elementor-section-boxed elementor-section-height-default elementor-section-height-default\" data-id=\"60980f0c\" data-element_type=\"section\" data-e-type=\"section\">\n\t\t\t\t\t\t<div class=\"elementor-container elementor-column-gap-default\">\n\t\t\t\t\t<div class=\"elementor-column elementor-col-100 elementor-top-column elementor-element elementor-element-33b82a3e\" data-id=\"33b82a3e\" data-element_type=\"column\" data-e-type=\"column\">\n\t\t\t<div class=\"elementor-widget-wrap elementor-element-populated\">\n\t\t\t\t\t\t<div class=\"elementor-element elementor-element-4b3c36e5 elementor-widget elementor-widget-text-editor\" data-id=\"4b3c36e5\" data-element_type=\"widget\" data-e-type=\"widget\" data-widget_type=\"text-editor.default\">\n\t\t\t\t<div class=\"elementor-widget-container\">\n\t\t\t\t\t\t\t\t\t<p><\/p>\n<figure class=\"wp-block-image size-large\"><img fetchpriority=\"high\" decoding=\"async\" width=\"1024\" height=\"1024\" class=\"wp-image-1759\" src=\"https:\/\/vanille-et-citron.fr\/wp-content\/uploads\/2024\/05\/Design-sans-titre-1024x1024.png\" alt=\"\" srcset=\"https:\/\/vanille-et-citron.fr\/wp-content\/uploads\/2024\/05\/Design-sans-titre-1024x1024.png 1024w, https:\/\/vanille-et-citron.fr\/wp-content\/uploads\/2024\/05\/Design-sans-titre-300x300.png 300w, https:\/\/vanille-et-citron.fr\/wp-content\/uploads\/2024\/05\/Design-sans-titre-100x100.png 100w, https:\/\/vanille-et-citron.fr\/wp-content\/uploads\/2024\/05\/Design-sans-titre-600x600.png 600w, https:\/\/vanille-et-citron.fr\/wp-content\/uploads\/2024\/05\/Design-sans-titre-150x150.png 150w, https:\/\/vanille-et-citron.fr\/wp-content\/uploads\/2024\/05\/Design-sans-titre-768x768.png 768w, https:\/\/vanille-et-citron.fr\/wp-content\/uploads\/2024\/05\/Design-sans-titre.png 1080w\" sizes=\"(max-width: 1024px) 100vw, 1024px\" \/><span style=\"background-color: var( --e-global-color-fe250ad );\">\u00a0 \u00a0 \u00a0 \u00a0 \u00a0 \u00a0 \u00a0 \u00a0 \u00a0 \u00a0 \u00a0 \u00a0 \u00a0 \u00a0 \u00a0 \u00a0 \u00a0 \u00a0 \u00a0 \u00a0 \u00a0 \u00a0 \u00a0 \u00a0 \u00a0 \u00a0 \u00a0 \u00a0 \u00a0 \u00a0 \u00a0 \u00a0 \u00a0 \u00a0 \u00a0 \u00a0 \u00a0 \u00a0 \u00a0 \u00a0 \u00a0 \u00a0 \u00a0 \u00a0 \u00a0 \u00a0 \u00a0 \u00a0 \u00a0 \u00a0 \u00a0 \u00a0 \u00a0 \u00a0 \u00a0 \u00a0 \u00a0 \u00a0 \u00a0 \u00a0 \u00a0 \u00a0 \u00a0 \u00a0\u00a0<\/span><\/figure>\n<p><\/p>\t\t\t\t\t\t\t\t<\/div>\n\t\t\t\t<\/div>\n\t\t\t\t<div class=\"elementor-element elementor-element-b4dcea3 elementor-widget elementor-widget-text-editor\" data-id=\"b4dcea3\" data-element_type=\"widget\" data-e-type=\"widget\" data-widget_type=\"text-editor.default\">\n\t\t\t\t<div class=\"elementor-widget-container\">\n\t\t\t\t\t\t\t\t\t<p><strong>Chaque atelier comprend:<\/strong><\/p>\n<p>La r\u00e9partition des postes de travail et des pr\u00e9parations en fonction du nombre de participantes.<\/p>\n<p>La remise de fiches recettes.<\/p>\n<p>La mise \u00e0 disposition de tous les ingr\u00e9dients\u00a0 et du mat\u00e9riel n\u00e9cessaires.<\/p>\n<p>Une participation active avec l&rsquo;aide de la Cheffe.<\/p>\n<p>Un blind test.<\/p>\n<p>Une surprise chocolat\u00e9e.\u00a0<\/p>\n<p>Le service d&rsquo;un mocktail maison.<\/p>\n<p>Un devis sur demande.<\/p>\n<p>\u00a0<\/p>\t\t\t\t\t\t\t\t<\/div>\n\t\t\t\t<\/div>\n\t\t\t\t\t<\/div>\n\t\t<\/div>\n\t\t\t\t\t<\/div>\n\t\t<\/section>\n\t\t\t\t<section class=\"elementor-section elementor-top-section elementor-element elementor-element-75d3c67 elementor-section-boxed elementor-section-height-default elementor-section-height-default\" data-id=\"75d3c67\" data-element_type=\"section\" data-e-type=\"section\">\n\t\t\t\t\t\t<div class=\"elementor-container elementor-column-gap-default\">\n\t\t\t\t\t<div class=\"elementor-column elementor-col-25 elementor-top-column elementor-element elementor-element-c6b7dc0\" data-id=\"c6b7dc0\" data-element_type=\"column\" data-e-type=\"column\">\n\t\t\t<div class=\"elementor-widget-wrap elementor-element-populated\">\n\t\t\t\t\t\t<div class=\"elementor-element elementor-element-f26edc3 elementor-widget elementor-widget-text-editor\" data-id=\"f26edc3\" data-element_type=\"widget\" data-e-type=\"widget\" data-widget_type=\"text-editor.default\">\n\t\t\t\t<div class=\"elementor-widget-container\">\n\t\t\t\t\t\t\t\t\t<p><strong>La p\u00e2tisserie pr\u00e9f\u00e9r\u00e9e de la future mari\u00e9e :<\/strong><\/p>\n<p>Dur\u00e9e : 2 \u00e0 3 heures selon la nature de la p\u00e2tisserie.<\/p>\n<p>Les participantes r\u00e9alisent les diff\u00e9rentes pr\u00e9parations et le montage de la p\u00e2tisserie pr\u00e9f\u00e9r\u00e9e de la mari\u00e9e<\/p>\n<p><b>\u00a0<\/b><\/p>\n<p>\u00a0<\/p>\t\t\t\t\t\t\t\t<\/div>\n\t\t\t\t<\/div>\n\t\t\t\t\t<\/div>\n\t\t<\/div>\n\t\t\t\t<div class=\"elementor-column elementor-col-25 elementor-top-column elementor-element elementor-element-20646a7\" data-id=\"20646a7\" data-element_type=\"column\" data-e-type=\"column\">\n\t\t\t<div class=\"elementor-widget-wrap elementor-element-populated\">\n\t\t\t\t\t\t<div class=\"elementor-element elementor-element-e669c27 elementor-widget elementor-widget-text-editor\" data-id=\"e669c27\" data-element_type=\"widget\" data-e-type=\"widget\" data-widget_type=\"text-editor.default\">\n\t\t\t\t<div class=\"elementor-widget-container\">\n\t\t\t\t\t\t\t\t\t<p><strong>Le dessert de la soir\u00e9e EVJF (option 1) :<\/strong><\/p>\n<p>Dur\u00e9e : 2 heures.<\/p>\n<p>Les participantes garnissent les fonds de trois tartelettes diff\u00e9rentes et r\u00e9alisent le dressage d\u00e9coratif \u00e0 l&rsquo;aide de poches \u00e0 douilles.<\/p>\n<p>\u00a0<\/p>\t\t\t\t\t\t\t\t<\/div>\n\t\t\t\t<\/div>\n\t\t\t\t\t<\/div>\n\t\t<\/div>\n\t\t\t\t<div class=\"elementor-column elementor-col-25 elementor-top-column elementor-element elementor-element-3c30a3c\" data-id=\"3c30a3c\" data-element_type=\"column\" data-e-type=\"column\">\n\t\t\t<div class=\"elementor-widget-wrap elementor-element-populated\">\n\t\t\t\t\t\t<div class=\"elementor-element elementor-element-0344260 elementor-widget elementor-widget-text-editor\" data-id=\"0344260\" data-element_type=\"widget\" data-e-type=\"widget\" data-widget_type=\"text-editor.default\">\n\t\t\t\t<div class=\"elementor-widget-container\">\n\t\t\t\t\t\t\t\t\t<p><strong>Le dessert de la soir\u00e9e EVJF (option 2) :\u00a0<\/strong><\/p>\n<p>Dur\u00e9e 2,5 heures.<\/p>\n<p>Les participantes r\u00e9alisent un appareil \u00e0 muffin et \u00e0 topping. Trois garnitures, des colorants et des douilles fantaisie sont \u00e0 disposition.<\/p>\t\t\t\t\t\t\t\t<\/div>\n\t\t\t\t<\/div>\n\t\t\t\t\t<\/div>\n\t\t<\/div>\n\t\t\t\t<div class=\"elementor-column elementor-col-25 elementor-top-column elementor-element elementor-element-10b6e33\" data-id=\"10b6e33\" data-element_type=\"column\" data-e-type=\"column\">\n\t\t\t<div class=\"elementor-widget-wrap elementor-element-populated\">\n\t\t\t\t\t\t<div class=\"elementor-element elementor-element-886d25d elementor-widget elementor-widget-text-editor\" data-id=\"886d25d\" data-element_type=\"widget\" data-e-type=\"widget\" data-widget_type=\"text-editor.default\">\n\t\t\t\t<div class=\"elementor-widget-container\">\n\t\t\t\t\t\t\t\t\t<p><strong>\u00ab\u00a0Qui sera dans la panade ?\u00a0\u00bb (atelier type concours) :\u00a0<\/strong><\/p>\n<p>Dur\u00e9e : 3 heures.<\/p>\n<p>L'\u00a0\u00bb\u00e9preuve\u00a0\u00bb est cr\u00e9ative. La nature de la p\u00e2tisserie (niveau d\u00e9butant) le th\u00e8me et un ingr\u00e9dient myst\u00e8re sont impos\u00e9s. D&rsquo;autres ingr\u00e9dients sont \u00e0 disposition et au choix pour twister la recette. Les participantes r\u00e9alisent leur cr\u00e9ation en \u00e9quipe.<\/p>\t\t\t\t\t\t\t\t<\/div>\n\t\t\t\t<\/div>\n\t\t\t\t\t<\/div>\n\t\t<\/div>\n\t\t\t\t\t<\/div>\n\t\t<\/section>\n\t\t\t\t<\/div>\n\t\t","protected":false},"excerpt":{"rendered":"<p>Chaque atelier comprend: La r\u00e9partition des postes de travail et des pr\u00e9parations en fonction du nombre de participantes. La remise de fiches recettes. La mise \u00e0 disposition de tous les ingr\u00e9dients\u00a0 et du mat\u00e9riel n\u00e9cessaires. Une participation active avec l&rsquo;aide de la Cheffe. Un blind test. Une surprise chocolat\u00e9e.\u00a0 Le service d&rsquo;un mocktail maison. Un [&hellip;]<\/p>\n","protected":false},"author":1,"featured_media":0,"parent":0,"menu_order":0,"comment_status":"closed","ping_status":"closed","template":"","meta":{"footnotes":""},"class_list":["post-1758","page","type-page","status-publish","hentry"],"aioseo_notices":[],"jetpack_sharing_enabled":true,"_links":{"self":[{"href":"https:\/\/vanille-et-citron.fr\/index.php\/wp-json\/wp\/v2\/pages\/1758","targetHints":{"allow":["GET"]}}],"collection":[{"href":"https:\/\/vanille-et-citron.fr\/index.php\/wp-json\/wp\/v2\/pages"}],"about":[{"href":"https:\/\/vanille-et-citron.fr\/index.php\/wp-json\/wp\/v2\/types\/page"}],"author":[{"embeddable":true,"href":"https:\/\/vanille-et-citron.fr\/index.php\/wp-json\/wp\/v2\/users\/1"}],"replies":[{"embeddable":true,"href":"https:\/\/vanille-et-citron.fr\/index.php\/wp-json\/wp\/v2\/comments?post=1758"}],"version-history":[{"count":23,"href":"https:\/\/vanille-et-citron.fr\/index.php\/wp-json\/wp\/v2\/pages\/1758\/revisions"}],"predecessor-version":[{"id":1885,"href":"https:\/\/vanille-et-citron.fr\/index.php\/wp-json\/wp\/v2\/pages\/1758\/revisions\/1885"}],"wp:attachment":[{"href":"https:\/\/vanille-et-citron.fr\/index.php\/wp-json\/wp\/v2\/media?parent=1758"}],"curies":[{"name":"wp","href":"https:\/\/api.w.org\/{rel}","templated":true}]}}