{"id":8,"date":"2018-02-27T20:53:27","date_gmt":"2018-02-27T19:53:27","guid":{"rendered":"http:\/\/vanille-et-citron.fr\/?page_id=8"},"modified":"2024-06-18T20:14:39","modified_gmt":"2024-06-18T18:14:39","slug":"a-propos-de","status":"publish","type":"page","link":"https:\/\/vanille-et-citron.fr\/index.php\/a-propos-de\/","title":{"rendered":"Bienvenue !"},"content":{"rendered":"\t\t<div data-elementor-type=\"wp-page\" data-elementor-id=\"8\" class=\"elementor elementor-8\" data-elementor-post-type=\"page\">\n\t\t\t\t\t\t<section class=\"elementor-section elementor-top-section elementor-element elementor-element-41e9279 elementor-section-boxed elementor-section-height-default elementor-section-height-default\" data-id=\"41e9279\" data-element_type=\"section\" data-e-type=\"section\">\n\t\t\t\t\t\t<div class=\"elementor-container elementor-column-gap-default\">\n\t\t\t\t\t<div class=\"elementor-column elementor-col-100 elementor-top-column elementor-element elementor-element-bae8e29\" data-id=\"bae8e29\" data-element_type=\"column\" data-e-type=\"column\">\n\t\t\t<div class=\"elementor-widget-wrap elementor-element-populated\">\n\t\t\t\t\t\t<div class=\"elementor-element elementor-element-24fa5d3 elementor-widget elementor-widget-heading\" data-id=\"24fa5d3\" data-element_type=\"widget\" data-e-type=\"widget\" data-widget_type=\"heading.default\">\n\t\t\t\t<div class=\"elementor-widget-container\">\n\t\t\t\t\t<h2 class=\"elementor-heading-title elementor-size-default\">Bienvenue !<\/h2>\t\t\t\t<\/div>\n\t\t\t\t<\/div>\n\t\t\t\t\t<\/div>\n\t\t<\/div>\n\t\t\t\t\t<\/div>\n\t\t<\/section>\n\t\t\t\t<section class=\"elementor-section elementor-top-section elementor-element elementor-element-49a21e4 elementor-section-boxed elementor-section-height-default elementor-section-height-default\" data-id=\"49a21e4\" data-element_type=\"section\" data-e-type=\"section\">\n\t\t\t\t\t\t<div class=\"elementor-container elementor-column-gap-default\">\n\t\t\t\t\t<div class=\"elementor-column elementor-col-100 elementor-top-column elementor-element elementor-element-22f276e9\" data-id=\"22f276e9\" data-element_type=\"column\" data-e-type=\"column\">\n\t\t\t<div class=\"elementor-widget-wrap elementor-element-populated\">\n\t\t\t\t\t\t<div class=\"elementor-element elementor-element-66fd6d6e elementor-widget elementor-widget-text-editor\" data-id=\"66fd6d6e\" data-element_type=\"widget\" data-e-type=\"widget\" data-widget_type=\"text-editor.default\">\n\t\t\t\t<div class=\"elementor-widget-container\">\n\t\t\t\t\t\t\t\t\t<p><span style=\"background-color: transparent; color: var( --e-global-color-text ); font-family: var( --e-global-typography-text-font-family ), Sans-serif; font-style: var( --e-global-typography-text-font-style ); font-weight: var( --e-global-typography-text-font-weight ); text-transform: var( --e-global-typography-text-text-transform );\">Je suis Marianne, passionn\u00e9e de p\u00e2tisserie, autodidacte et normande.&nbsp;<\/span><br><span style=\"background-color: transparent; color: var( --e-global-color-text ); font-family: var( --e-global-typography-text-font-family ), Sans-serif; font-style: var( --e-global-typography-text-font-style ); font-weight: var( --e-global-typography-text-font-weight ); text-transform: var( --e-global-typography-text-text-transform );\">Apr\u00e8s de nombreuses ann\u00e9es dans le secteur sanitaire et social, je reviens \u00e0 mes racines : le beurre et la cr\u00e8me enti\u00e8re <\/span><span style=\"background-color: transparent; color: var( --e-global-color-text ); font-family: var( --e-global-typography-text-font-family ), Sans-serif; font-style: var( --e-global-typography-text-font-style ); font-weight: var( --e-global-typography-text-font-weight ); text-transform: var( --e-global-typography-text-text-transform );\">P\u00e2tissi\u00e8re professionnelle, j&rsquo;anime d\u00e9sormais des ateliers pendant lesquels je partage et transmets mon savoir-faire.&nbsp; Les places sont limit\u00e9es pour garantir une attention personnalis\u00e9e et une exp\u00e9rience enrichissante, en toute convivialit\u00e9.<\/span><\/p>\n<p><img fetchpriority=\"high\" decoding=\"async\" class=\"alignnone wp-image-1358 size-medium\" src=\"https:\/\/vanille-et-citron.fr\/wp-content\/uploads\/2023\/08\/Capture-decran-2023-08-20-a-11.12.19-300x277.png\" alt=\"\" width=\"300\" height=\"277\" srcset=\"https:\/\/vanille-et-citron.fr\/wp-content\/uploads\/2023\/08\/Capture-decran-2023-08-20-a-11.12.19-300x277.png 300w, https:\/\/vanille-et-citron.fr\/wp-content\/uploads\/2023\/08\/Capture-decran-2023-08-20-a-11.12.19-600x555.png 600w, https:\/\/vanille-et-citron.fr\/wp-content\/uploads\/2023\/08\/Capture-decran-2023-08-20-a-11.12.19-1024x947.png 1024w, https:\/\/vanille-et-citron.fr\/wp-content\/uploads\/2023\/08\/Capture-decran-2023-08-20-a-11.12.19-768x710.png 768w, https:\/\/vanille-et-citron.fr\/wp-content\/uploads\/2023\/08\/Capture-decran-2023-08-20-a-11.12.19.png 1358w\" sizes=\"(max-width: 300px) 100vw, 300px\" \/><\/p>\n<p style=\"text-align: center;\">\n<\/p>\t\t\t\t\t\t\t\t<\/div>\n\t\t\t\t<\/div>\n\t\t\t\t\t<\/div>\n\t\t<\/div>\n\t\t\t\t\t<\/div>\n\t\t<\/section>\n\t\t\t\t<section class=\"elementor-section elementor-top-section elementor-element elementor-element-6c3730f elementor-section-height-min-height elementor-section-content-middle elementor-section-boxed elementor-section-height-default elementor-section-items-middle\" data-id=\"6c3730f\" data-element_type=\"section\" data-e-type=\"section\">\n\t\t\t\t\t\t<div class=\"elementor-container elementor-column-gap-wider\">\n\t\t\t\t\t<div class=\"elementor-column elementor-col-50 elementor-top-column elementor-element elementor-element-53f6efa\" data-id=\"53f6efa\" data-element_type=\"column\" data-e-type=\"column\">\n\t\t\t<div class=\"elementor-widget-wrap elementor-element-populated\">\n\t\t\t\t\t\t<div class=\"elementor-element elementor-element-b506546 elementor-widget elementor-widget-heading\" data-id=\"b506546\" data-element_type=\"widget\" data-e-type=\"widget\" data-widget_type=\"heading.default\">\n\t\t\t\t<div class=\"elementor-widget-container\">\n\t\t\t\t\t<h3 class=\"elementor-heading-title elementor-size-default\">ATELIER<\/h3>\t\t\t\t<\/div>\n\t\t\t\t<\/div>\n\t\t\t\t<div class=\"elementor-element elementor-element-b419c40 elementor-widget elementor-widget-text-editor\" data-id=\"b419c40\" data-element_type=\"widget\" data-e-type=\"widget\" data-widget_type=\"text-editor.default\">\n\t\t\t\t<div class=\"elementor-widget-container\">\n\t\t\t\t\t\t\t\t\t<p>Vous aimez la p\u00e2tisserie mais avez peur de vous lancer ? Vous aimeriez apprendre des techniques de montage plus \u00e9labor\u00e9s ? Vous r\u00eavez de sublimer vos desserts avec des wahou-d\u00e9cors ? Vous avez envie de vous amuser, seul(e) ou \u00e0 plusieurs ?<\/p><p>Je vous propose des ateliers tous niveaux, \u00e0 mon domicile (76)<\/p><p>Je partage avec p\u00e9dagogie et bienveillance des recettes et des techniques, pour aider les passionn\u00e9s \u00e0 se lancer et \u00e0 \u00eatre fiers de leur cr\u00e9ation, qu\u2019ils soient d\u00e9butants ou confirm\u00e9s.<br \/>Je fournis tout le mat\u00e9riel et les mati\u00e8res premi\u00e8res, vous participez aux pr\u00e9parations et r\u00e9alisez le montage de votre dessert.<\/p>\t\t\t\t\t\t\t\t<\/div>\n\t\t\t\t<\/div>\n\t\t\t\t<div class=\"elementor-element elementor-element-232ca8d elementor-align-left elementor-mobile-align-justify elementor-widget elementor-widget-button\" data-id=\"232ca8d\" data-element_type=\"widget\" data-e-type=\"widget\" data-widget_type=\"button.default\">\n\t\t\t\t<div class=\"elementor-widget-container\">\n\t\t\t\t\t\t\t\t\t<div class=\"elementor-button-wrapper\">\n\t\t\t\t\t<a class=\"elementor-button elementor-button-link elementor-size-md\" href=\"https:\/\/vanille-et-citron.fr\/index.php\/categorie-produit\/ateliers\/\">\n\t\t\t\t\t\t<span class=\"elementor-button-content-wrapper\">\n\t\t\t\t\t\t\t\t\t<span class=\"elementor-button-text\">Voir mes prochains Ateliers<\/span>\n\t\t\t\t\t<\/span>\n\t\t\t\t\t<\/a>\n\t\t\t\t<\/div>\n\t\t\t\t\t\t\t\t<\/div>\n\t\t\t\t<\/div>\n\t\t\t\t\t<\/div>\n\t\t<\/div>\n\t\t\t\t<div class=\"elementor-column elementor-col-50 elementor-top-column elementor-element elementor-element-0d64986\" data-id=\"0d64986\" data-element_type=\"column\" data-e-type=\"column\">\n\t\t\t<div class=\"elementor-widget-wrap elementor-element-populated\">\n\t\t\t\t\t\t<div class=\"elementor-element elementor-element-24e5212 elementor-widget elementor-widget-image\" data-id=\"24e5212\" data-element_type=\"widget\" data-e-type=\"widget\" data-widget_type=\"image.default\">\n\t\t\t\t<div class=\"elementor-widget-container\">\n\t\t\t\t\t\t\t\t\t\t\t\t\t\t\t<img decoding=\"async\" width=\"800\" height=\"534\" src=\"https:\/\/vanille-et-citron.fr\/wp-content\/uploads\/2023\/07\/banville-vanilleetcitron-19012023-42-1024x683.webp\" class=\"attachment-large size-large wp-image-866\" alt=\"\" srcset=\"https:\/\/vanille-et-citron.fr\/wp-content\/uploads\/2023\/07\/banville-vanilleetcitron-19012023-42-1024x683.webp 1024w, https:\/\/vanille-et-citron.fr\/wp-content\/uploads\/2023\/07\/banville-vanilleetcitron-19012023-42-scaled-600x400.webp 600w, https:\/\/vanille-et-citron.fr\/wp-content\/uploads\/2023\/07\/banville-vanilleetcitron-19012023-42-300x200.webp 300w, https:\/\/vanille-et-citron.fr\/wp-content\/uploads\/2023\/07\/banville-vanilleetcitron-19012023-42-768x512.webp 768w, https:\/\/vanille-et-citron.fr\/wp-content\/uploads\/2023\/07\/banville-vanilleetcitron-19012023-42-1536x1024.webp 1536w, https:\/\/vanille-et-citron.fr\/wp-content\/uploads\/2023\/07\/banville-vanilleetcitron-19012023-42-2048x1365.webp 2048w\" sizes=\"(max-width: 800px) 100vw, 800px\" \/>\t\t\t\t\t\t\t\t\t\t\t\t\t\t\t<\/div>\n\t\t\t\t<\/div>\n\t\t\t\t\t<\/div>\n\t\t<\/div>\n\t\t\t\t\t<\/div>\n\t\t<\/section>\n\t\t\t\t<section class=\"elementor-section elementor-top-section elementor-element elementor-element-c3dbc84 elementor-section-boxed elementor-section-height-default elementor-section-height-default\" data-id=\"c3dbc84\" data-element_type=\"section\" data-e-type=\"section\">\n\t\t\t\t\t\t<div class=\"elementor-container elementor-column-gap-default\">\n\t\t\t\t\t<div class=\"elementor-column elementor-col-50 elementor-top-column elementor-element elementor-element-218a3fa\" data-id=\"218a3fa\" data-element_type=\"column\" data-e-type=\"column\">\n\t\t\t<div class=\"elementor-widget-wrap elementor-element-populated\">\n\t\t\t\t\t\t<div class=\"elementor-element elementor-element-ef1abfb elementor-widget elementor-widget-heading\" data-id=\"ef1abfb\" data-element_type=\"widget\" data-e-type=\"widget\" data-widget_type=\"heading.default\">\n\t\t\t\t<div class=\"elementor-widget-container\">\n\t\t\t\t\t<h2 class=\"elementor-heading-title elementor-size-default\">Mes recettes originales<\/h2>\t\t\t\t<\/div>\n\t\t\t\t<\/div>\n\t\t\t\t<div class=\"elementor-element elementor-element-d9afff1 elementor-grid-3 elementor-product-loop-item--align-center elementor-grid-tablet-3 elementor-grid-mobile-2 elementor-products-grid elementor-wc-products elementor-widget elementor-widget-woocommerce-products\" data-id=\"d9afff1\" data-element_type=\"widget\" data-e-type=\"widget\" data-widget_type=\"woocommerce-products.default\">\n\t\t\t\t<div class=\"elementor-widget-container\">\n\t\t\t\t\t<div class=\"woocommerce columns-3 \"><ul class=\"products elementor-grid columns-3\">\n<li class=\"product type-product post-2374 status-publish first instock product_cat-recettes-originales has-post-thumbnail downloadable virtual purchasable product-type-simple\">\n\t<a href=\"https:\/\/vanille-et-citron.fr\/index.php\/produit\/fiche-recette-de-guimauve-sans-oeufs\/\" class=\"woocommerce-LoopProduct-link woocommerce-loop-product__link\"><img decoding=\"async\" width=\"300\" height=\"300\" src=\"https:\/\/vanille-et-citron.fr\/wp-content\/uploads\/2025\/12\/Capture-decran-2025-12-16-a-17.41.50-300x300.png\" class=\"attachment-woocommerce_thumbnail size-woocommerce_thumbnail\" alt=\"fiche recette de guimauve sans oeufs\" srcset=\"https:\/\/vanille-et-citron.fr\/wp-content\/uploads\/2025\/12\/Capture-decran-2025-12-16-a-17.41.50-300x300.png 300w, https:\/\/vanille-et-citron.fr\/wp-content\/uploads\/2025\/12\/Capture-decran-2025-12-16-a-17.41.50-150x150.png 150w, https:\/\/vanille-et-citron.fr\/wp-content\/uploads\/2025\/12\/Capture-decran-2025-12-16-a-17.41.50-100x100.png 100w\" sizes=\"(max-width: 300px) 100vw, 300px\" \/><h2 class=\"woocommerce-loop-product__title\">fiche recette de guimauve sans oeufs<\/h2>\n\t<span class=\"price\"><span class=\"woocommerce-Price-amount amount\"><bdi>0,00&nbsp;<span class=\"woocommerce-Price-currencySymbol\">&euro;<\/span><\/bdi><\/span><\/span>\n<\/a><a href=\"\/index.php\/wp-json\/wp\/v2\/pages\/8?add-to-cart=2374\" aria-describedby=\"woocommerce_loop_add_to_cart_link_describedby_2374\" data-quantity=\"1\" class=\"button product_type_simple add_to_cart_button ajax_add_to_cart\" data-product_id=\"2374\" data-product_sku=\"\" aria-label=\"Ajouter au panier\u00a0: &ldquo;fiche recette de guimauve sans oeufs&rdquo;\" rel=\"nofollow\" data-success_message=\"\u00ab\u00a0fiche recette de guimauve sans oeufs\u00a0\u00bb a \u00e9t\u00e9 ajout\u00e9 \u00e0 votre panier\" role=\"button\">Ajouter au panier<\/a>\t<span id=\"woocommerce_loop_add_to_cart_link_describedby_2374\" class=\"screen-reader-text\">\n\t\t\t<\/span>\n<\/li>\n<li class=\"product type-product post-2368 status-publish instock product_cat-recettes-originales has-post-thumbnail downloadable virtual purchasable product-type-simple\">\n\t<a href=\"https:\/\/vanille-et-citron.fr\/index.php\/produit\/fiche-recette-les-mendiants\/\" class=\"woocommerce-LoopProduct-link woocommerce-loop-product__link\"><img loading=\"lazy\" decoding=\"async\" width=\"300\" height=\"300\" src=\"https:\/\/vanille-et-citron.fr\/wp-content\/uploads\/2025\/12\/Capture-decran-2025-12-16-a-10.29.41-300x300.png\" class=\"attachment-woocommerce_thumbnail size-woocommerce_thumbnail\" alt=\"fiche recette &quot;Les Mendiants&quot;\" srcset=\"https:\/\/vanille-et-citron.fr\/wp-content\/uploads\/2025\/12\/Capture-decran-2025-12-16-a-10.29.41-300x300.png 300w, https:\/\/vanille-et-citron.fr\/wp-content\/uploads\/2025\/12\/Capture-decran-2025-12-16-a-10.29.41-150x150.png 150w, https:\/\/vanille-et-citron.fr\/wp-content\/uploads\/2025\/12\/Capture-decran-2025-12-16-a-10.29.41-100x100.png 100w\" sizes=\"(max-width: 300px) 100vw, 300px\" \/><h2 class=\"woocommerce-loop-product__title\">fiche recette \u00ab\u00a0Les Mendiants\u00a0\u00bb<\/h2>\n\t<span class=\"price\"><span class=\"woocommerce-Price-amount amount\"><bdi>0,00&nbsp;<span class=\"woocommerce-Price-currencySymbol\">&euro;<\/span><\/bdi><\/span><\/span>\n<\/a><a href=\"\/index.php\/wp-json\/wp\/v2\/pages\/8?add-to-cart=2368\" aria-describedby=\"woocommerce_loop_add_to_cart_link_describedby_2368\" data-quantity=\"1\" class=\"button product_type_simple add_to_cart_button ajax_add_to_cart\" data-product_id=\"2368\" data-product_sku=\"\" aria-label=\"Ajouter au panier\u00a0: &ldquo;fiche recette &quot;Les Mendiants&quot;&rdquo;\" rel=\"nofollow\" data-success_message=\"\u00ab\u00a0fiche recette &quot;Les Mendiants&quot;\u00a0\u00bb a \u00e9t\u00e9 ajout\u00e9 \u00e0 votre panier\" role=\"button\">Ajouter au panier<\/a>\t<span id=\"woocommerce_loop_add_to_cart_link_describedby_2368\" class=\"screen-reader-text\">\n\t\t\t<\/span>\n<\/li>\n<li class=\"product type-product post-2325 status-publish last instock product_cat-recettes-originales has-post-thumbnail downloadable virtual purchasable product-type-simple\">\n\t<a href=\"https:\/\/vanille-et-citron.fr\/index.php\/produit\/fiche-recette-black-swan\/\" class=\"woocommerce-LoopProduct-link woocommerce-loop-product__link\"><img loading=\"lazy\" decoding=\"async\" width=\"300\" height=\"300\" src=\"https:\/\/vanille-et-citron.fr\/wp-content\/uploads\/2025\/07\/DSC02254-2-300x300.jpg\" class=\"attachment-woocommerce_thumbnail size-woocommerce_thumbnail\" alt=\"Fiche recette &quot;Black Swan&quot;\" srcset=\"https:\/\/vanille-et-citron.fr\/wp-content\/uploads\/2025\/07\/DSC02254-2-300x300.jpg 300w, https:\/\/vanille-et-citron.fr\/wp-content\/uploads\/2025\/07\/DSC02254-2-1024x1020.jpg 1024w, https:\/\/vanille-et-citron.fr\/wp-content\/uploads\/2025\/07\/DSC02254-2-150x150.jpg 150w, https:\/\/vanille-et-citron.fr\/wp-content\/uploads\/2025\/07\/DSC02254-2-768x765.jpg 768w, https:\/\/vanille-et-citron.fr\/wp-content\/uploads\/2025\/07\/DSC02254-2-1320x1315.jpg 1320w, https:\/\/vanille-et-citron.fr\/wp-content\/uploads\/2025\/07\/DSC02254-2-600x598.jpg 600w, https:\/\/vanille-et-citron.fr\/wp-content\/uploads\/2025\/07\/DSC02254-2-100x100.jpg 100w, https:\/\/vanille-et-citron.fr\/wp-content\/uploads\/2025\/07\/DSC02254-2.jpg 1367w\" sizes=\"(max-width: 300px) 100vw, 300px\" \/><h2 class=\"woocommerce-loop-product__title\">Fiche recette \u00ab\u00a0Black Swan\u00a0\u00bb<\/h2>\n\t<span class=\"price\"><span class=\"woocommerce-Price-amount amount\"><bdi>2,00&nbsp;<span class=\"woocommerce-Price-currencySymbol\">&euro;<\/span><\/bdi><\/span><\/span>\n<\/a><a href=\"\/index.php\/wp-json\/wp\/v2\/pages\/8?add-to-cart=2325\" aria-describedby=\"woocommerce_loop_add_to_cart_link_describedby_2325\" data-quantity=\"1\" class=\"button product_type_simple add_to_cart_button ajax_add_to_cart\" data-product_id=\"2325\" data-product_sku=\"\" aria-label=\"Ajouter au panier\u00a0: &ldquo;Fiche recette &quot;Black Swan&quot;&rdquo;\" rel=\"nofollow\" data-success_message=\"\u00ab\u00a0Fiche recette &quot;Black Swan&quot;\u00a0\u00bb a \u00e9t\u00e9 ajout\u00e9 \u00e0 votre panier\" role=\"button\">Ajouter au panier<\/a>\t<span id=\"woocommerce_loop_add_to_cart_link_describedby_2325\" class=\"screen-reader-text\">\n\t\t\t<\/span>\n<\/li>\n<\/ul>\n<\/div>\t\t\t\t<\/div>\n\t\t\t\t<\/div>\n\t\t\t\t\t<\/div>\n\t\t<\/div>\n\t\t\t\t<div class=\"elementor-column elementor-col-50 elementor-top-column elementor-element elementor-element-3ba6d94\" data-id=\"3ba6d94\" data-element_type=\"column\" data-e-type=\"column\">\n\t\t\t<div class=\"elementor-widget-wrap elementor-element-populated\">\n\t\t\t\t\t\t<div class=\"elementor-element elementor-element-4c07661 elementor-widget elementor-widget-heading\" data-id=\"4c07661\" data-element_type=\"widget\" data-e-type=\"widget\" data-widget_type=\"heading.default\">\n\t\t\t\t<div class=\"elementor-widget-container\">\n\t\t\t\t\t<h2 class=\"elementor-heading-title elementor-size-default\">Les Recettes Vanille &amp; Citron<\/h2>\t\t\t\t<\/div>\n\t\t\t\t<\/div>\n\t\t\t\t<div class=\"elementor-element elementor-element-a2d7e8d elementor-posts--align-center elementor-grid-tablet-3 elementor-grid-3 elementor-grid-mobile-1 elementor-posts--thumbnail-top elementor-widget elementor-widget-posts\" data-id=\"a2d7e8d\" data-element_type=\"widget\" data-e-type=\"widget\" data-settings=\"{&quot;classic_columns_tablet&quot;:&quot;3&quot;,&quot;classic_columns&quot;:&quot;3&quot;,&quot;classic_columns_mobile&quot;:&quot;1&quot;,&quot;classic_row_gap&quot;:{&quot;unit&quot;:&quot;px&quot;,&quot;size&quot;:35,&quot;sizes&quot;:[]},&quot;classic_row_gap_tablet&quot;:{&quot;unit&quot;:&quot;px&quot;,&quot;size&quot;:&quot;&quot;,&quot;sizes&quot;:[]},&quot;classic_row_gap_mobile&quot;:{&quot;unit&quot;:&quot;px&quot;,&quot;size&quot;:&quot;&quot;,&quot;sizes&quot;:[]}}\" data-widget_type=\"posts.classic\">\n\t\t\t\t<div class=\"elementor-widget-container\">\n\t\t\t\t\t\t\t<div class=\"elementor-posts-container elementor-posts elementor-posts--skin-classic elementor-grid\" role=\"list\">\n\t\t\t\t<article class=\"elementor-post elementor-grid-item post-99 post type-post status-publish format-standard has-post-thumbnail hentry category-dessert category-entremets tag-citron tag-cremeux tag-entremets tag-mousse tag-yuzu\" role=\"listitem\">\n\t\t\t\t<a class=\"elementor-post__thumbnail__link\" href=\"https:\/\/vanille-et-citron.fr\/index.php\/2018\/03\/06\/entremets-praline-citron-yuzu\/\" tabindex=\"-1\" >\n\t\t\t<div class=\"elementor-post__thumbnail\"><img loading=\"lazy\" decoding=\"async\" width=\"2560\" height=\"1707\" src=\"https:\/\/vanille-et-citron.fr\/wp-content\/uploads\/2018\/03\/DSC02650-scaled.jpg\" class=\"attachment-full size-full wp-image-103\" alt=\"\" srcset=\"https:\/\/vanille-et-citron.fr\/wp-content\/uploads\/2018\/03\/DSC02650-scaled.jpg 2560w, https:\/\/vanille-et-citron.fr\/wp-content\/uploads\/2018\/03\/DSC02650-scaled-600x400.jpg 600w, https:\/\/vanille-et-citron.fr\/wp-content\/uploads\/2018\/03\/DSC02650-300x200.jpg 300w, https:\/\/vanille-et-citron.fr\/wp-content\/uploads\/2018\/03\/DSC02650-768x512.jpg 768w, https:\/\/vanille-et-citron.fr\/wp-content\/uploads\/2018\/03\/DSC02650-1024x683.jpg 1024w\" sizes=\"(max-width: 2560px) 100vw, 2560px\" \/><\/div>\n\t\t<\/a>\n\t\t\t\t<div class=\"elementor-post__text\">\n\t\t\t\t<h3 class=\"elementor-post__title\">\n\t\t\t<a href=\"https:\/\/vanille-et-citron.fr\/index.php\/2018\/03\/06\/entremets-praline-citron-yuzu\/\" >\n\t\t\t\tEntremets pralin\u00e9-citron-yuzu\t\t\t<\/a>\n\t\t<\/h3>\n\t\t\t\t<\/div>\n\t\t\t\t<\/article>\n\t\t\t\t<article class=\"elementor-post elementor-grid-item post-203 post type-post status-publish format-standard has-post-thumbnail hentry category-dessert-individuels category-dessert tag-chou tag-citron tag-mousse tag-praline tag-streusel tag-yuzu\" role=\"listitem\">\n\t\t\t\t<a class=\"elementor-post__thumbnail__link\" href=\"https:\/\/vanille-et-citron.fr\/index.php\/2018\/03\/08\/chou-praline-citron-yuzu\/\" tabindex=\"-1\" >\n\t\t\t<div class=\"elementor-post__thumbnail\"><img loading=\"lazy\" decoding=\"async\" width=\"2560\" height=\"1629\" src=\"https:\/\/vanille-et-citron.fr\/wp-content\/uploads\/2018\/03\/DSC02665-scaled.jpg\" class=\"attachment-full size-full wp-image-206\" alt=\"\" srcset=\"https:\/\/vanille-et-citron.fr\/wp-content\/uploads\/2018\/03\/DSC02665-scaled.jpg 2560w, https:\/\/vanille-et-citron.fr\/wp-content\/uploads\/2018\/03\/DSC02665-scaled-600x382.jpg 600w, https:\/\/vanille-et-citron.fr\/wp-content\/uploads\/2018\/03\/DSC02665-300x191.jpg 300w, https:\/\/vanille-et-citron.fr\/wp-content\/uploads\/2018\/03\/DSC02665-768x489.jpg 768w, https:\/\/vanille-et-citron.fr\/wp-content\/uploads\/2018\/03\/DSC02665-1024x652.jpg 1024w, https:\/\/vanille-et-citron.fr\/wp-content\/uploads\/2018\/03\/DSC02665-330x210.jpg 330w\" sizes=\"(max-width: 2560px) 100vw, 2560px\" \/><\/div>\n\t\t<\/a>\n\t\t\t\t<div class=\"elementor-post__text\">\n\t\t\t\t<h3 class=\"elementor-post__title\">\n\t\t\t<a href=\"https:\/\/vanille-et-citron.fr\/index.php\/2018\/03\/08\/chou-praline-citron-yuzu\/\" >\n\t\t\t\tChou pralin\u00e9-citron-yuzu\t\t\t<\/a>\n\t\t<\/h3>\n\t\t\t\t<\/div>\n\t\t\t\t<\/article>\n\t\t\t\t<article class=\"elementor-post elementor-grid-item post-230 post type-post status-publish format-standard has-post-thumbnail hentry category-dessert-individuels category-dessert tag-chou tag-craquelin tag-pate-a-choux\" role=\"listitem\">\n\t\t\t\t<a class=\"elementor-post__thumbnail__link\" href=\"https:\/\/vanille-et-citron.fr\/index.php\/2018\/03\/17\/pate-a-choux\/\" tabindex=\"-1\" >\n\t\t\t<div class=\"elementor-post__thumbnail\"><img loading=\"lazy\" decoding=\"async\" width=\"2048\" height=\"1312\" src=\"https:\/\/vanille-et-citron.fr\/wp-content\/uploads\/2018\/03\/choux.jpg\" class=\"attachment-full size-full wp-image-228\" alt=\"\" srcset=\"https:\/\/vanille-et-citron.fr\/wp-content\/uploads\/2018\/03\/choux.jpg 2048w, https:\/\/vanille-et-citron.fr\/wp-content\/uploads\/2018\/03\/choux-600x384.jpg 600w, https:\/\/vanille-et-citron.fr\/wp-content\/uploads\/2018\/03\/choux-300x192.jpg 300w, https:\/\/vanille-et-citron.fr\/wp-content\/uploads\/2018\/03\/choux-768x492.jpg 768w, https:\/\/vanille-et-citron.fr\/wp-content\/uploads\/2018\/03\/choux-1024x656.jpg 1024w, https:\/\/vanille-et-citron.fr\/wp-content\/uploads\/2018\/03\/choux-330x210.jpg 330w\" sizes=\"(max-width: 2048px) 100vw, 2048px\" \/><\/div>\n\t\t<\/a>\n\t\t\t\t<div class=\"elementor-post__text\">\n\t\t\t\t<h3 class=\"elementor-post__title\">\n\t\t\t<a href=\"https:\/\/vanille-et-citron.fr\/index.php\/2018\/03\/17\/pate-a-choux\/\" >\n\t\t\t\tP\u00e2te \u00e0 choux\t\t\t<\/a>\n\t\t<\/h3>\n\t\t\t\t<\/div>\n\t\t\t\t<\/article>\n\t\t\t\t<\/div>\n\t\t\n\t\t\t\t\t\t<\/div>\n\t\t\t\t<\/div>\n\t\t\t\t\t<\/div>\n\t\t<\/div>\n\t\t\t\t\t<\/div>\n\t\t<\/section>\n\t\t\t\t<\/div>\n\t\t","protected":false},"excerpt":{"rendered":"<p>Bienvenue ! Je suis Marianne, passionn\u00e9e de p\u00e2tisserie, autodidacte et normande.&nbsp;Apr\u00e8s de nombreuses ann\u00e9es dans le secteur sanitaire et social, je reviens \u00e0 mes racines<\/p>\n","protected":false},"author":1,"featured_media":0,"parent":0,"menu_order":0,"comment_status":"closed","ping_status":"closed","template":"elementor_header_footer","meta":{"footnotes":""},"class_list":["post-8","page","type-page","status-publish","hentry"],"aioseo_notices":[],"jetpack_sharing_enabled":true,"_links":{"self":[{"href":"https:\/\/vanille-et-citron.fr\/index.php\/wp-json\/wp\/v2\/pages\/8","targetHints":{"allow":["GET"]}}],"collection":[{"href":"https:\/\/vanille-et-citron.fr\/index.php\/wp-json\/wp\/v2\/pages"}],"about":[{"href":"https:\/\/vanille-et-citron.fr\/index.php\/wp-json\/wp\/v2\/types\/page"}],"author":[{"embeddable":true,"href":"https:\/\/vanille-et-citron.fr\/index.php\/wp-json\/wp\/v2\/users\/1"}],"replies":[{"embeddable":true,"href":"https:\/\/vanille-et-citron.fr\/index.php\/wp-json\/wp\/v2\/comments?post=8"}],"version-history":[{"count":51,"href":"https:\/\/vanille-et-citron.fr\/index.php\/wp-json\/wp\/v2\/pages\/8\/revisions"}],"predecessor-version":[{"id":1953,"href":"https:\/\/vanille-et-citron.fr\/index.php\/wp-json\/wp\/v2\/pages\/8\/revisions\/1953"}],"wp:attachment":[{"href":"https:\/\/vanille-et-citron.fr\/index.php\/wp-json\/wp\/v2\/media?parent=8"}],"curies":[{"name":"wp","href":"https:\/\/api.w.org\/{rel}","templated":true}]}}