{"id":2050,"date":"2024-07-28T13:43:01","date_gmt":"2024-07-28T11:43:01","guid":{"rendered":"https:\/\/vanille-et-citron.fr\/?post_type=product&#038;p=2050"},"modified":"2024-07-28T13:43:02","modified_gmt":"2024-07-28T11:43:02","slug":"fiche-recette-entremets-fruits-rouges-pistache-fleur-doranger","status":"publish","type":"product","link":"https:\/\/vanille-et-citron.fr\/index.php\/produit\/fiche-recette-entremets-fruits-rouges-pistache-fleur-doranger\/","title":{"rendered":"Fiche recette Entremets fruits rouges-pistache-fleur d&rsquo;oranger"},"content":{"rendered":"","protected":false},"excerpt":{"rendered":"<p>Cet entremets est compos\u00e9 d&rsquo;un financier pistache aux fruits rouges, d&rsquo;une pur\u00e9e de fruits rouges, d&rsquo;un cr\u00e9meux pistaches et d&rsquo;une mousse au lait parfum\u00e9e \u00e0 la fleur d&rsquo;oranger.<\/p>\n","protected":false},"featured_media":1734,"comment_status":"open","ping_status":"closed","template":"","meta":[],"product_brand":[],"product_cat":[130],"product_tag":[],"class_list":{"0":"post-2050","1":"product","2":"type-product","3":"status-publish","4":"has-post-thumbnail","6":"product_cat-recettes-originales","8":"first","9":"instock","10":"downloadable","11":"virtual","12":"purchasable","13":"product-type-simple"},"aioseo_notices":[],"jetpack_sharing_enabled":true,"_links":{"self":[{"href":"https:\/\/vanille-et-citron.fr\/index.php\/wp-json\/wp\/v2\/product\/2050","targetHints":{"allow":["GET"]}}],"collection":[{"href":"https:\/\/vanille-et-citron.fr\/index.php\/wp-json\/wp\/v2\/product"}],"about":[{"href":"https:\/\/vanille-et-citron.fr\/index.php\/wp-json\/wp\/v2\/types\/product"}],"replies":[{"embeddable":true,"href":"https:\/\/vanille-et-citron.fr\/index.php\/wp-json\/wp\/v2\/comments?post=2050"}],"wp:featuredmedia":[{"embeddable":true,"href":"https:\/\/vanille-et-citron.fr\/index.php\/wp-json\/wp\/v2\/media\/1734"}],"wp:attachment":[{"href":"https:\/\/vanille-et-citron.fr\/index.php\/wp-json\/wp\/v2\/media?parent=2050"}],"wp:term":[{"taxonomy":"product_brand","embeddable":true,"href":"https:\/\/vanille-et-citron.fr\/index.php\/wp-json\/wp\/v2\/product_brand?post=2050"},{"taxonomy":"product_cat","embeddable":true,"href":"https:\/\/vanille-et-citron.fr\/index.php\/wp-json\/wp\/v2\/product_cat?post=2050"},{"taxonomy":"product_tag","embeddable":true,"href":"https:\/\/vanille-et-citron.fr\/index.php\/wp-json\/wp\/v2\/product_tag?post=2050"}],"curies":[{"name":"wp","href":"https:\/\/api.w.org\/{rel}","templated":true}]}}