{"id":2140,"date":"2024-11-06T14:00:56","date_gmt":"2024-11-06T13:00:56","guid":{"rendered":"https:\/\/vanille-et-citron.fr\/?post_type=product&#038;p=2140"},"modified":"2024-11-06T14:00:57","modified_gmt":"2024-11-06T13:00:57","slug":"fiche-recette-ma-tarte-aux-pommes-caramelisees","status":"publish","type":"product","link":"https:\/\/vanille-et-citron.fr\/index.php\/produit\/fiche-recette-ma-tarte-aux-pommes-caramelisees\/","title":{"rendered":"fiche recette \u00ab\u00a0Ma tarte aux pommes caram\u00e9lis\u00e9es\u00a0\u00bb"},"content":{"rendered":"","protected":false},"excerpt":{"rendered":"<p>Elle est compos\u00e9e d&rsquo;une p\u00e2te sucr\u00e9e bien croustillante, d&rsquo;une cr\u00e8me de noisettes, de pommes caram\u00e9lis\u00e9es \u00e0 la vanille et l\u00e9g\u00e8rement citronn\u00e9es. Pour encore plus de gourmandise :\u00a0 une cr\u00e8me mont\u00e9e l\u00e9g\u00e8rement sucr\u00e9e, du pralin\u00e9 et une cr\u00e8me de caramel d\u00e9cuit au jus de pommes.<\/p>\n<p>Soucieuse de travailler la saisonnalit\u00e9 et les produits du terroir, cette recette a fait l&rsquo;objet de mon cours de p\u00e2tisserie lors du salon Patiss&rsquo;Art \u00e0 Deauville en octobre 2024.<\/p>\n","protected":false},"featured_media":2142,"comment_status":"open","ping_status":"closed","template":"","meta":[],"product_brand":[],"product_cat":[130],"product_tag":[],"class_list":{"0":"post-2140","1":"product","2":"type-product","3":"status-publish","4":"has-post-thumbnail","6":"product_cat-recettes-originales","8":"first","9":"instock","10":"downloadable","11":"virtual","12":"purchasable","13":"product-type-simple"},"aioseo_notices":[],"jetpack_sharing_enabled":true,"_links":{"self":[{"href":"https:\/\/vanille-et-citron.fr\/index.php\/wp-json\/wp\/v2\/product\/2140","targetHints":{"allow":["GET"]}}],"collection":[{"href":"https:\/\/vanille-et-citron.fr\/index.php\/wp-json\/wp\/v2\/product"}],"about":[{"href":"https:\/\/vanille-et-citron.fr\/index.php\/wp-json\/wp\/v2\/types\/product"}],"replies":[{"embeddable":true,"href":"https:\/\/vanille-et-citron.fr\/index.php\/wp-json\/wp\/v2\/comments?post=2140"}],"wp:featuredmedia":[{"embeddable":true,"href":"https:\/\/vanille-et-citron.fr\/index.php\/wp-json\/wp\/v2\/media\/2142"}],"wp:attachment":[{"href":"https:\/\/vanille-et-citron.fr\/index.php\/wp-json\/wp\/v2\/media?parent=2140"}],"wp:term":[{"taxonomy":"product_brand","embeddable":true,"href":"https:\/\/vanille-et-citron.fr\/index.php\/wp-json\/wp\/v2\/product_brand?post=2140"},{"taxonomy":"product_cat","embeddable":true,"href":"https:\/\/vanille-et-citron.fr\/index.php\/wp-json\/wp\/v2\/product_cat?post=2140"},{"taxonomy":"product_tag","embeddable":true,"href":"https:\/\/vanille-et-citron.fr\/index.php\/wp-json\/wp\/v2\/product_tag?post=2140"}],"curies":[{"name":"wp","href":"https:\/\/api.w.org\/{rel}","templated":true}]}}