{"id":2166,"date":"2024-12-05T14:52:39","date_gmt":"2024-12-05T13:52:39","guid":{"rendered":"https:\/\/vanille-et-citron.fr\/?post_type=product&#038;p=2166"},"modified":"2026-04-30T09:46:59","modified_gmt":"2026-04-30T07:46:59","slug":"croissants-et-pains-au-chocolat-le-11-04-26-de-9h00-a-16h00","status":"publish","type":"product","link":"https:\/\/vanille-et-citron.fr\/index.php\/produit\/croissants-et-pains-au-chocolat-le-11-04-26-de-9h00-a-16h00\/","title":{"rendered":"Cours privatis\u00e9 PLF le 2\/06\/26 de 9h00 \u00e0 16h00"},"content":{"rendered":"","protected":false},"excerpt":{"rendered":"<p>Vous apprendrez \u00e0 r\u00e9aliser toutes les \u00e9tapes de la fabrication de croissants et pains au chocolat, depuis le p\u00e9trissage, jusqu&rsquo;\u00e0 la cuisson, en passant par les temps de pousse et de repos. Nous travaillerons sur 2 \u00e0 3 p\u00e2tons diff\u00e9rents, \u00e0 diff\u00e9rents stades du proc\u00e9d\u00e9.<\/p>\n<p>Je fournis tous les ingr\u00e9dients. Vous pourrez emporter les pi\u00e8ces de viennoiserie que vous avez r\u00e9alis\u00e9es.<\/p>\n<p>Pensez \u00e0 apporter votre gamelle pour profiter d&rsquo;une petite pause r\u00e9confortante \u00e0 votre go\u00fbt, pendant que la levure s&rsquo;en donne \u00e0 c\u0153ur joie !<\/p>\n<p>RDV au 25 de la rue Montaigne, \u00e0 Saint Martin du Manoir. Accueil 8h45.<\/p>\n<p>&nbsp;<\/p>\n<p>&nbsp;<\/p>\n","protected":false},"featured_media":1644,"comment_status":"open","ping_status":"closed","template":"","meta":[],"product_brand":[],"product_cat":[140],"product_tag":[],"class_list":{"0":"post-2166","1":"product","2":"type-product","3":"status-publish","4":"has-post-thumbnail","6":"product_cat-ateliers","8":"first","9":"instock","10":"virtual","11":"purchasable","12":"product-type-simple"},"aioseo_notices":[],"jetpack_sharing_enabled":true,"_links":{"self":[{"href":"https:\/\/vanille-et-citron.fr\/index.php\/wp-json\/wp\/v2\/product\/2166","targetHints":{"allow":["GET"]}}],"collection":[{"href":"https:\/\/vanille-et-citron.fr\/index.php\/wp-json\/wp\/v2\/product"}],"about":[{"href":"https:\/\/vanille-et-citron.fr\/index.php\/wp-json\/wp\/v2\/types\/product"}],"replies":[{"embeddable":true,"href":"https:\/\/vanille-et-citron.fr\/index.php\/wp-json\/wp\/v2\/comments?post=2166"}],"wp:featuredmedia":[{"embeddable":true,"href":"https:\/\/vanille-et-citron.fr\/index.php\/wp-json\/wp\/v2\/media\/1644"}],"wp:attachment":[{"href":"https:\/\/vanille-et-citron.fr\/index.php\/wp-json\/wp\/v2\/media?parent=2166"}],"wp:term":[{"taxonomy":"product_brand","embeddable":true,"href":"https:\/\/vanille-et-citron.fr\/index.php\/wp-json\/wp\/v2\/product_brand?post=2166"},{"taxonomy":"product_cat","embeddable":true,"href":"https:\/\/vanille-et-citron.fr\/index.php\/wp-json\/wp\/v2\/product_cat?post=2166"},{"taxonomy":"product_tag","embeddable":true,"href":"https:\/\/vanille-et-citron.fr\/index.php\/wp-json\/wp\/v2\/product_tag?post=2166"}],"curies":[{"name":"wp","href":"https:\/\/api.w.org\/{rel}","templated":true}]}}