{"id":2252,"date":"2025-02-16T13:31:30","date_gmt":"2025-02-16T12:31:30","guid":{"rendered":"https:\/\/vanille-et-citron.fr\/?post_type=product&#038;p=2252"},"modified":"2025-02-16T14:57:27","modified_gmt":"2025-02-16T13:57:27","slug":"les-biscuits-duree-7-heures","status":"publish","type":"product","link":"https:\/\/vanille-et-citron.fr\/index.php\/produit\/les-biscuits-duree-7-heures\/","title":{"rendered":"Les biscuits et les entremets dur\u00e9e 7 heures"},"content":{"rendered":"","protected":false},"excerpt":{"rendered":"<p>Dur\u00e9e 7 heures + pause d\u00e9jeuner<\/p>\n<p>De 9h00 \u00e0 17h00, accueil 8h45 autour d&rsquo;un buffet de mini viennoiseries<\/p>\n<p>Vous apprendrez \u00e0 r\u00e9aliser le biscuit viennois, le biscuit \u00e0 la cuill\u00e8re, le biscuit dacquoise et la g\u00e9noise au cacao, ainsi que les techniques et astuces de m\u00e9lange, de foisonnement, de pochage et de cuisson.<\/p>\n<p>Vous r\u00e9aliserez \u00e9galement des cr\u00e8mes et garnitures associ\u00e9es : ganache mont\u00e9e \u00e0 la vanille, mousse bavaroise et 2 techniques de mousses au chocolat.<\/p>\n<p>Pr\u00e9sentation du buffet final \u00e0 emporter : g\u00e2teau roul\u00e9, charlotte aux fruits, royal chocolat, for\u00eat noire<\/p>\n<p>Pr\u00e9voir votre repas pour une pause \u00e0 votre go\u00fbt.<\/p>\n<p>Le sac isotherme et les accus de froid sont \u00e0 la charge du client<\/p>\n","protected":false},"featured_media":1846,"comment_status":"open","ping_status":"closed","template":"","meta":[],"product_brand":[],"product_cat":[150],"product_tag":[],"class_list":{"0":"post-2252","1":"product","2":"type-product","3":"status-publish","4":"has-post-thumbnail","6":"product_cat-les-bases-de-la-patisserie","8":"first","9":"instock","10":"virtual","11":"purchasable","12":"product-type-simple"},"aioseo_notices":[],"jetpack_sharing_enabled":true,"_links":{"self":[{"href":"https:\/\/vanille-et-citron.fr\/index.php\/wp-json\/wp\/v2\/product\/2252","targetHints":{"allow":["GET"]}}],"collection":[{"href":"https:\/\/vanille-et-citron.fr\/index.php\/wp-json\/wp\/v2\/product"}],"about":[{"href":"https:\/\/vanille-et-citron.fr\/index.php\/wp-json\/wp\/v2\/types\/product"}],"replies":[{"embeddable":true,"href":"https:\/\/vanille-et-citron.fr\/index.php\/wp-json\/wp\/v2\/comments?post=2252"}],"wp:featuredmedia":[{"embeddable":true,"href":"https:\/\/vanille-et-citron.fr\/index.php\/wp-json\/wp\/v2\/media\/1846"}],"wp:attachment":[{"href":"https:\/\/vanille-et-citron.fr\/index.php\/wp-json\/wp\/v2\/media?parent=2252"}],"wp:term":[{"taxonomy":"product_brand","embeddable":true,"href":"https:\/\/vanille-et-citron.fr\/index.php\/wp-json\/wp\/v2\/product_brand?post=2252"},{"taxonomy":"product_cat","embeddable":true,"href":"https:\/\/vanille-et-citron.fr\/index.php\/wp-json\/wp\/v2\/product_cat?post=2252"},{"taxonomy":"product_tag","embeddable":true,"href":"https:\/\/vanille-et-citron.fr\/index.php\/wp-json\/wp\/v2\/product_tag?post=2252"}],"curies":[{"name":"wp","href":"https:\/\/api.w.org\/{rel}","templated":true}]}}