{"id":2325,"date":"2025-10-28T14:18:39","date_gmt":"2025-10-28T13:18:39","guid":{"rendered":"https:\/\/vanille-et-citron.fr\/?post_type=product&#038;p=2325"},"modified":"2025-10-28T14:18:40","modified_gmt":"2025-10-28T13:18:40","slug":"fiche-recette-black-swan","status":"publish","type":"product","link":"https:\/\/vanille-et-citron.fr\/index.php\/produit\/fiche-recette-black-swan\/","title":{"rendered":"Fiche recette \u00ab\u00a0Black Swan\u00a0\u00bb"},"content":{"rendered":"","protected":false},"excerpt":{"rendered":"<p>J&rsquo;ai cr\u00e9\u00e9 cet entremets \u00e0 l&rsquo;occasion d&rsquo;un de mes cours pour la deuxi\u00e8me \u00e9dition du salon P\u00e2tiss&rsquo;Art de Deauville. Ce petit tron\u00e7on de b\u00fbche, parfait pour les f\u00eates de fin d&rsquo;ann\u00e9e, \u00a0est compos\u00e9 d&rsquo;un biscuit ultra moelleux, d&rsquo;une fine couche de pralin\u00e9 caf\u00e9 croustillant, d&rsquo;une ganache tendre au chocolat noir et d&rsquo;un savoureux et soyeux tutu de ganache mont\u00e9e au caf\u00e9. \u00c0 l&rsquo;instar de l&rsquo;Op\u00e9ra, ce dessert ravira les amateurs de l&rsquo;association chocolat-caf\u00e9.<\/p>\n","protected":false},"featured_media":2309,"comment_status":"open","ping_status":"closed","template":"","meta":[],"product_brand":[],"product_cat":[130],"product_tag":[],"class_list":{"0":"post-2325","1":"product","2":"type-product","3":"status-publish","4":"has-post-thumbnail","6":"product_cat-recettes-originales","8":"first","9":"instock","10":"downloadable","11":"virtual","12":"purchasable","13":"product-type-simple"},"aioseo_notices":[],"jetpack_sharing_enabled":true,"_links":{"self":[{"href":"https:\/\/vanille-et-citron.fr\/index.php\/wp-json\/wp\/v2\/product\/2325","targetHints":{"allow":["GET"]}}],"collection":[{"href":"https:\/\/vanille-et-citron.fr\/index.php\/wp-json\/wp\/v2\/product"}],"about":[{"href":"https:\/\/vanille-et-citron.fr\/index.php\/wp-json\/wp\/v2\/types\/product"}],"replies":[{"embeddable":true,"href":"https:\/\/vanille-et-citron.fr\/index.php\/wp-json\/wp\/v2\/comments?post=2325"}],"wp:featuredmedia":[{"embeddable":true,"href":"https:\/\/vanille-et-citron.fr\/index.php\/wp-json\/wp\/v2\/media\/2309"}],"wp:attachment":[{"href":"https:\/\/vanille-et-citron.fr\/index.php\/wp-json\/wp\/v2\/media?parent=2325"}],"wp:term":[{"taxonomy":"product_brand","embeddable":true,"href":"https:\/\/vanille-et-citron.fr\/index.php\/wp-json\/wp\/v2\/product_brand?post=2325"},{"taxonomy":"product_cat","embeddable":true,"href":"https:\/\/vanille-et-citron.fr\/index.php\/wp-json\/wp\/v2\/product_cat?post=2325"},{"taxonomy":"product_tag","embeddable":true,"href":"https:\/\/vanille-et-citron.fr\/index.php\/wp-json\/wp\/v2\/product_tag?post=2325"}],"curies":[{"name":"wp","href":"https:\/\/api.w.org\/{rel}","templated":true}]}}