{"id":2406,"date":"2026-02-03T13:06:47","date_gmt":"2026-02-03T12:06:47","guid":{"rendered":"https:\/\/vanille-et-citron.fr\/?post_type=product&#038;p=2406"},"modified":"2026-02-23T11:52:28","modified_gmt":"2026-02-23T10:52:28","slug":"stage-piece-artistique-en-chocolat-du-8-au-10-01-26-2","status":"publish","type":"product","link":"https:\/\/vanille-et-citron.fr\/index.php\/produit\/stage-piece-artistique-en-chocolat-du-8-au-10-01-26-2\/","title":{"rendered":"stage \u00ab\u00a0pi\u00e8ce artistique en chocolat\u00a0\u00bb me contacter"},"content":{"rendered":"","protected":false},"excerpt":{"rendered":"<p>Vous apprendrez \u00e0 r\u00e9aliser une composition florale, enti\u00e8rement en chocolat. Pr\u00e9-requis : conna\u00eetre les bases du temp\u00e9rage du chocolat. Le cours est individuel. L&rsquo;atelier est privatis\u00e9. Date au choix.<\/p>\n<p>J1 : r\u00e9alisation des moulages et de la structure principale de la pi\u00e8ce<\/p>\n<p>J2 : r\u00e9alisation de la fleur et des tiges<\/p>\n<p>J3 : montage, feuilles et mise en couleur<\/p>\n<p>Possibilit\u00e9 d&rsquo;h\u00e9bergement et repas sur place.<\/p>\n<p>&nbsp;<\/p>\n<p>&nbsp;<\/p>\n","protected":false},"featured_media":2408,"comment_status":"open","ping_status":"closed","template":"","meta":[],"product_brand":[],"product_cat":[140],"product_tag":[],"class_list":{"0":"post-2406","1":"product","2":"type-product","3":"status-publish","4":"has-post-thumbnail","6":"product_cat-ateliers","8":"first","9":"outofstock","10":"virtual","11":"sold-individually","12":"purchasable","13":"product-type-simple"},"aioseo_notices":[],"jetpack_sharing_enabled":true,"_links":{"self":[{"href":"https:\/\/vanille-et-citron.fr\/index.php\/wp-json\/wp\/v2\/product\/2406","targetHints":{"allow":["GET"]}}],"collection":[{"href":"https:\/\/vanille-et-citron.fr\/index.php\/wp-json\/wp\/v2\/product"}],"about":[{"href":"https:\/\/vanille-et-citron.fr\/index.php\/wp-json\/wp\/v2\/types\/product"}],"replies":[{"embeddable":true,"href":"https:\/\/vanille-et-citron.fr\/index.php\/wp-json\/wp\/v2\/comments?post=2406"}],"wp:featuredmedia":[{"embeddable":true,"href":"https:\/\/vanille-et-citron.fr\/index.php\/wp-json\/wp\/v2\/media\/2408"}],"wp:attachment":[{"href":"https:\/\/vanille-et-citron.fr\/index.php\/wp-json\/wp\/v2\/media?parent=2406"}],"wp:term":[{"taxonomy":"product_brand","embeddable":true,"href":"https:\/\/vanille-et-citron.fr\/index.php\/wp-json\/wp\/v2\/product_brand?post=2406"},{"taxonomy":"product_cat","embeddable":true,"href":"https:\/\/vanille-et-citron.fr\/index.php\/wp-json\/wp\/v2\/product_cat?post=2406"},{"taxonomy":"product_tag","embeddable":true,"href":"https:\/\/vanille-et-citron.fr\/index.php\/wp-json\/wp\/v2\/product_tag?post=2406"}],"curies":[{"name":"wp","href":"https:\/\/api.w.org\/{rel}","templated":true}]}}