{"id":2429,"date":"2026-04-14T14:21:18","date_gmt":"2026-04-14T12:21:18","guid":{"rendered":"https:\/\/vanille-et-citron.fr\/?post_type=product&#038;p=2429"},"modified":"2026-04-14T14:21:18","modified_gmt":"2026-04-14T12:21:18","slug":"masterclass-pavlova-fruits-rouges-le-13-06-26-de-9h00-a-12h00","status":"publish","type":"product","link":"https:\/\/vanille-et-citron.fr\/index.php\/produit\/masterclass-pavlova-fruits-rouges-le-13-06-26-de-9h00-a-12h00\/","title":{"rendered":"Masterclass Pavlova fruits rouges le 13\/06\/26 de 9h00 \u00e0 12h00"},"content":{"rendered":"","protected":false},"excerpt":{"rendered":"<p>Vous apprendrez \u00e0 r\u00e9aliser une belle gourmandise de saison, craquante et fra\u00eeche \u00e0 la fois ! La masterclass se terminera par une d\u00e9gustation.<\/p>\n<p>visuel selon inspiration, fruits selon arrivage<\/p>\n<p>Accueil \u00e0 8h45, 25 Rue Montaigne \u00e0 Saint Martin du Manoir.<\/p>\n<p>&nbsp;<\/p>\n","protected":false},"featured_media":2285,"comment_status":"open","ping_status":"closed","template":"","meta":[],"product_brand":[],"product_cat":[140],"product_tag":[],"class_list":{"0":"post-2429","1":"product","2":"type-product","3":"status-publish","4":"has-post-thumbnail","6":"product_cat-ateliers","8":"first","9":"instock","10":"virtual","11":"purchasable","12":"product-type-simple"},"aioseo_notices":[],"jetpack_sharing_enabled":true,"_links":{"self":[{"href":"https:\/\/vanille-et-citron.fr\/index.php\/wp-json\/wp\/v2\/product\/2429","targetHints":{"allow":["GET"]}}],"collection":[{"href":"https:\/\/vanille-et-citron.fr\/index.php\/wp-json\/wp\/v2\/product"}],"about":[{"href":"https:\/\/vanille-et-citron.fr\/index.php\/wp-json\/wp\/v2\/types\/product"}],"replies":[{"embeddable":true,"href":"https:\/\/vanille-et-citron.fr\/index.php\/wp-json\/wp\/v2\/comments?post=2429"}],"wp:featuredmedia":[{"embeddable":true,"href":"https:\/\/vanille-et-citron.fr\/index.php\/wp-json\/wp\/v2\/media\/2285"}],"wp:attachment":[{"href":"https:\/\/vanille-et-citron.fr\/index.php\/wp-json\/wp\/v2\/media?parent=2429"}],"wp:term":[{"taxonomy":"product_brand","embeddable":true,"href":"https:\/\/vanille-et-citron.fr\/index.php\/wp-json\/wp\/v2\/product_brand?post=2429"},{"taxonomy":"product_cat","embeddable":true,"href":"https:\/\/vanille-et-citron.fr\/index.php\/wp-json\/wp\/v2\/product_cat?post=2429"},{"taxonomy":"product_tag","embeddable":true,"href":"https:\/\/vanille-et-citron.fr\/index.php\/wp-json\/wp\/v2\/product_tag?post=2429"}],"curies":[{"name":"wp","href":"https:\/\/api.w.org\/{rel}","templated":true}]}}